{"id":243,"date":"2020-10-12T08:36:14","date_gmt":"2020-10-12T08:36:14","guid":{"rendered":"https:\/\/os.fino.ai\/logo-api\/"},"modified":"2020-11-23T13:56:02","modified_gmt":"2020-11-23T13:56:02","slug":"logo-api","status":"publish","type":"page","link":"https:\/\/os.fino.ai\/de\/logo-api\/","title":{"rendered":"Logo API"},"content":{"rendered":"<section id=\"home\" class=\"homebanner logoapiouter\">\n<div class=\"container\">\n<div class=\"bannercontent logoapi text-center\">\n<div class=\"row\">\n<div class=\"col-sm-12 col-md-6 col-lg-6\">\n<div class=\"banner-dis\">\n<h1>Logo API<\/h1>\n<p>Verbinden Sie Ihre L\u00f6sungen mit relevanten Datenquellen und Funktionalit\u00e4ten &#8211; einschlie\u00dflich Open Banking, Dokumenten, Compliance u.v.m.<\/p>\n<\/div>\n<div class=\"btnouter\"><a class=\"btn-def btn-yellow\" href=\"\/\/os.fino.ai\/contact\" target=\"_blank\" rel=\"noopener noreferrer\">Jetzt starten<\/a><a class=\"btn-def documentation\" href=\"\/\/os.fino.ai\/docs\" target=\"_blank\" rel=\"noopener noreferrer\">Dokumentation<\/a>\n<\/div>\n<\/div>\n<div class=\"col-sm-12 col-md-6 col-lg-6\">\n<div class=\"company-code\">\n<div class=\"company-codebox typed-text\">\n<!--\n\n\n<div class=\"message\">\n\n\n<div class=\"text_1\">name: \"Deutsche Telekom\"<\/div>\n\n\n\n\n<div class=\"text_2\">IBAN: \"DE27100777770209299700\"<\/div>\n\n\n\n\n<div class=\"text_33\">name: \u201cDATEV eG\u201d<\/div>\n\n\n<\/div>\n\n\n-->\n<div class=\"animation-container\">\n<p><span class=\"cursor\">&nbsp;<\/span><\/p>\n<\/div>\n<\/div>\n<\/div>\n<div class=\"lelekom_logoblock\">\n<div class=\"lelekom_logo\">\n<div class=\"fling-minislide\"><img id=\"animation-image1\" src=\"\/wp-content\/uploads\/2020\/10\/Telekom_Logo1.png\" alt=\"Slide 1\"\/><br \/>\n<img id=\"animation-image2\" src=\"\/wp-content\/uploads\/2020\/10\/002.png\" alt=\"Slide 2\"\/><br \/>\n<img id=\"animation-image3\" src=\"\/wp-content\/uploads\/2020\/10\/003.jpg\" alt=\"Slide 3\"\/>\n<\/div>\n<p><!--\n\n\n<div class=\"fling-minislide\"><img id=\"animation-image\" src=\"\/wp-content\/uploads\/2020\/10\/003.jpg\" alt=\"Slide 4\"\/><img src=\"\/wp-content\/uploads\/2020\/10\/002.png\" alt=\"Slide 3\"\/><img src=\"\/wp-content\/uploads\/2020\/10\/Telekom_Logo1.png\" alt=\"Slide 2\"\/><\/div>\n\n\n--><\/p>\n<\/div>\n<\/div>\n<\/div>\n<\/div>\n<\/div>\n<\/div>\n<\/section>\n<section class=\"servicesblock-box-section\">\n<div class=\"container\">\n<div class=\"servicesblock\">\n<div class=\"row\">\n<div class=\"col-sm-12 col-lg-4\">\n<div class=\"services-box text-center\">\n<div class=\"services-box-icon \"><img class=\"img-fluid\" src=\"\/wp-content\/uploads\/2020\/08\/speed.svg\" alt=\"\"\/><\/div>\n<div class=\"box-title\">\n<h3>Gro\u00dfe Auswahl<\/h3>\n<\/div>\n<div class=\"box-desc\">\n<p>Unsere Logo API bietet Logos von \u00fcber 25.000 unterschiedlichen Unternehmen in verschiedenen Dateiformaten (SVG, PNG, JPG).<\/p>\n<\/div>\n<\/div>\n<\/div>\n<div class=\"col-sm-12 col-lg-4\">\n<div class=\"services-box text-center\">\n<div class=\"services-box-icon \"><img class=\"img-fluid\" src=\"\/wp-content\/uploads\/2020\/08\/build.svg\" alt=\"\"\/><\/div>\n<div class=\"box-title\">\n<h3>Diverse Suchkriterien<\/h3>\n<\/div>\n<div class=\"box-desc\">\n<p>Die bereits hinterlegten Suchkriterien, wie Name, IBAN, BIC, BLZ u.v.m, k\u00f6nnen auf Wunsch erweitert werden.<\/p>\n<\/div>\n<\/div>\n<\/div>\n<div class=\"col-sm-12 col-lg-4\">\n<div class=\"services-box text-center\">\n<div class=\"services-box-icon \"><img class=\"img-fluid\" src=\"\/wp-content\/uploads\/2020\/08\/self-service.svg\" alt=\"\"\/><\/div>\n<div class=\"box-title\">\n<h3>Aktuelle Logos<\/h3>\n<\/div>\n<div class=\"box-desc\">\n<p>Zus\u00e4tzlich zu den vorhandenen Logos k\u00f6nnen weitere Informationen, wie z.B. Adressdaten ausgespielt werden.<\/p>\n<\/div>\n<\/div>\n<\/div>\n<\/div>\n<\/div>\n<\/div>\n<\/section>\n<section id=\"fordevelopers\" class=\"code-section\">\n<div class=\"container\">\n<div class=\"row\">\n<div class=\"col-12\">\n<div class=\"whyfinetitle text-center whyfineblock\">\n<div class=\"section-title\">\n<h2>Was ist der Vorteil der Logo API?<\/h2>\n<\/div>\n<div class=\"whyfine-text box-desc\">\n<p>Wir stellen exklusiv Logos aus verschiedenen Branchen f\u00fcr unterschiedliche Datens\u00e4tze zur Verf\u00fcgung. Dabei stellen wir sicher, dass \u00fcber die verschiedenen Kriterien eine exakte \u00dcbereinstimmung erfolgt. Zus\u00e4tzlich zu den aktuellen Logos k\u00f6nnen entsprechende Firmeninformationen ausspielt werden.<\/p>\n<\/div>\n<\/div>\n<\/div>\n<div class=\"col-12\">\n<div class=\"ourlogoblock\">\n<div class=\"row\">\n<div class=\"col-sm-12 col-md-4 col-lg-5\">\n<div class=\"finologoblock\"><img src=\"\/wp-content\/uploads\/2020\/08\/fino-logo.svg\" alt=\"\"\/>\n<\/div>\n<\/div>\n<div class=\"col-sm-12 col-md-8 col-lg-7\">\n<div class=\"box-desc\">\n<ul>\n<li>Die Logo API wird bereits von \u00fcber 300 Banken verwendet.<\/li>\n<li>Unsere API-Dienste lassen sich, ohne zus\u00e4tzlichen Aufwand, kombinieren und bieten dadurch weitere Funktionalit\u00e4ten.<\/li>\n<li>Unsere API&#8217;s sind einfach zu implementieren und flexibel anpassbar.<\/li>\n<\/ul>\n<\/div>\n<\/div>\n<\/div>\n<\/div>\n<\/div>\n<div class=\"col-12\">\n<div class=\"youneedmore\">\n<div class=\"box-title \">\n<h3>Interesse geweckt?<\/h3>\n<\/div>\n<div class=\"box-desc\">\n<p>Sie ben\u00f6tigen andere Suchkriterien? Bestimmte Logos in anderen Formaten? \u00dcberhaupt kein Problem. Wir freuen uns \u00fcber Ihre Anfrage, um uns gemeinsam den Anwendungsfall anzusehen.<\/p>\n<\/div>\n<div class=\"getbtns\"><a class=\"btn-def btn-yellow\" href=\"\/\/os.fino.ai\/contact\" target=\"_blank\" rel=\"noopener noreferrer\">Jetzt Kontakt aufnehmen <\/a>\n<\/div>\n<\/div>\n<\/div>\n<\/div>\n<\/div>\n<\/section>\n<section id=\"usecases\" class=\"someexamples-box-section\">\n<div class=\"container\">\n<div class=\"section-title text-center\">\n<h2>Aktuelle Anwendungsbeispiele<\/h2>\n<\/div>\n<div class=\"row\">\n<div class=\"col-sm-12 col-lg-4\">\n<div class=\"examplesbox text-center\">\n<div class=\"examplesbox-box-inner\">\n<div class=\"someexamples-box-icon\"><img src=\"\/wp-content\/uploads\/2020\/08\/smk-management.svg\" alt=\"\"\/><\/div>\n<div class=\"box-title\">\n<h3>KMU Risikomanagement<\/h3>\n<\/div>\n<div class=\"box-desc\">\n<p>Kombinieren Sie Kontodaten von Banken mit \u00f6ffentlich zug\u00e4nglichen Kerndaten und Dokumenten f\u00fcr ein verbessertes Risikomanagement.<\/p>\n<\/div>\n<\/div>\n<\/div>\n<\/div>\n<div class=\"col-sm-12 col-lg-4\">\n<div class=\"examplesbox text-center\">\n<div class=\"examplesbox-box-inner\">\n<div class=\"someexamples-box-icon\"><img src=\"\/wp-content\/uploads\/2020\/08\/contact-man.svg\" alt=\"\"\/><\/div>\n<div class=\"box-title\">\n<h3>Vertragsmanagement<\/h3>\n<\/div>\n<div class=\"box-desc\">\n<p>Lassen Sie die Vertr\u00e4ge aus den Kontodaten Ihrer Kunden analysieren und erm\u00f6glichen Sie die Mehrwerte, Vertr\u00e4ge zu k\u00fcndigen oder zu wechseln.<\/p>\n<\/div>\n<\/div>\n<\/div>\n<\/div>\n<div class=\"col-sm-12 col-lg-4\">\n<div class=\"examplesbox text-center\">\n<div class=\"examplesbox-box-inner\">\n<div class=\"someexamples-box-icon\"><img src=\"\/wp-content\/uploads\/2020\/08\/sme-banking.svg\" alt=\"\"\/><\/div>\n<div class=\"box-title\">\n<h3>KMU Banking<\/h3>\n<\/div>\n<div class=\"box-desc\">\n<p>Importieren Sie Dokumente, Rechnungen und Kontodaten, um Ihren Benutzern ein umfassenderes Bankerlebnis zu bieten.<\/p>\n<\/div>\n<\/div>\n<\/div>\n<\/div>\n<div class=\"col-sm-12 col-lg-4\">\n<div class=\"examplesbox text-center\">\n<div class=\"examplesbox-box-inner\">\n<div class=\"someexamples-box-icon\"><img src=\"\/wp-content\/uploads\/2020\/08\/life-changing.svg\" alt=\"\"\/><\/div>\n<div class=\"box-title\">\n<h3>Life Changing Moments<\/h3>\n<\/div>\n<div class=\"box-desc\">\n<p>Verwenden Sie die Informationen der Kontodaten, um Ver\u00e4nderungen im Leben Ihrer Benutzer zu erkennen und Ihnen zu helfen, ihre finanzielle Situation entsprechend anzupassen.<\/p>\n<\/div>\n<\/div>\n<\/div>\n<\/div>\n<div class=\"col-sm-12 col-lg-4\">\n<div class=\"examplesbox text-center\">\n<div class=\"examplesbox-box-inner\">\n<div class=\"someexamples-box-icon\"><img src=\"\/wp-content\/uploads\/2020\/08\/logoapi.svg\" alt=\"\"\/><\/div>\n<div class=\"box-title\">\n<h3>Logo API<\/h3>\n<\/div>\n<div class=\"box-desc\">\n<p>Nutzen Sie die vielf\u00e4ltigen Implementierungsm\u00f6glichkeiten unserer Logo API und bieten Sie Ihren Kunden eine perfekte User Experience.<\/p>\n<\/div>\n<\/div>\n<\/div>\n<\/div>\n<div class=\"col-sm-12 col-lg-4\">\n<div class=\"examplesbox text-center\">\n<div class=\"examplesbox-box-inner examplesbox-box-inner-fill\">\n<div class=\"someexamples-box-icon\"><img src=\"\/wp-content\/uploads\/2020\/08\/build.svg\" alt=\"\"\/><\/div>\n<div class=\"box-title\">\n<h3>Was m\u00f6chten Sie bauen?<\/h3>\n<\/div>\n<div class=\"box-desc build-dis\">\n<p>Sie haben eine Idee, aber haben noch nicht die richtige L\u00f6sung gefunden?<\/p>\n<\/div>\n<p><a class=\"btn-def getstarted btn-yellow\" href=\"\/\/os.fino.ai\/contact\" target=\"_blank\" rel=\"noopener noreferrer\">Jetzt starten<\/a><\/p>\n<\/div>\n<\/div>\n<\/div>\n<\/div>\n<div class=\"row\">\n<div class=\"col-12\">\n<div class=\"youneedmore aboutproject\">\n<div class=\"section-title text-center\">\n<h2>Haben wir Ihr Interesse geweckt?!<\/h2>\n<\/div>\n<div class=\"box-desc\">\n<p>Sie sind an unserer API-L\u00f6sung interessiert oder haben Fragen dazu? Dann schreiben Sie uns einfach und stellen Sie uns eine unverbindliche Anfrage.<\/p>\n<\/div>\n<div class=\"getbtns\"><a class=\"btn-def btn-yellow\" href=\"\/\/os.fino.ai\/contact\" target=\"_blank\" rel=\"noopener noreferrer\">Unverbindliche Anfrage stellen<\/a>\n<\/div>\n<\/div>\n<\/div>\n<\/div>\n<\/div>\n<\/section>\n","protected":false},"excerpt":{"rendered":"<p>Logo API Verbinden Sie Ihre L\u00f6sungen mit relevanten Datenquellen und Funktionalit\u00e4ten &#8211; einschlie\u00dflich Open Banking, Dokumenten, Compliance u.v.m. Jetzt startenDokumentation &nbsp; Gro\u00dfe Auswahl Unsere Logo API bietet Logos von \u00fcber 25.000 unterschiedlichen Unternehmen in verschiedenen Dateiformaten (SVG, PNG, JPG). Diverse Suchkriterien Die bereits hinterlegten Suchkriterien, wie Name, IBAN, BIC, BLZ u.v.m, k\u00f6nnen auf Wunsch erweitert [&hellip;]<\/p>\n","protected":false},"author":1,"featured_media":0,"parent":0,"menu_order":0,"comment_status":"closed","ping_status":"closed","template":"","meta":[],"_links":{"self":[{"href":"https:\/\/os.fino.ai\/de\/wp-json\/wp\/v2\/pages\/243"}],"collection":[{"href":"https:\/\/os.fino.ai\/de\/wp-json\/wp\/v2\/pages"}],"about":[{"href":"https:\/\/os.fino.ai\/de\/wp-json\/wp\/v2\/types\/page"}],"author":[{"embeddable":true,"href":"https:\/\/os.fino.ai\/de\/wp-json\/wp\/v2\/users\/1"}],"replies":[{"embeddable":true,"href":"https:\/\/os.fino.ai\/de\/wp-json\/wp\/v2\/comments?post=243"}],"version-history":[{"count":20,"href":"https:\/\/os.fino.ai\/de\/wp-json\/wp\/v2\/pages\/243\/revisions"}],"predecessor-version":[{"id":401,"href":"https:\/\/os.fino.ai\/de\/wp-json\/wp\/v2\/pages\/243\/revisions\/401"}],"wp:attachment":[{"href":"https:\/\/os.fino.ai\/de\/wp-json\/wp\/v2\/media?parent=243"}],"curies":[{"name":"wp","href":"https:\/\/api.w.org\/{rel}","templated":true}]}}